{"id":45,"date":"2025-01-28T14:04:20","date_gmt":"2025-01-28T14:04:20","guid":{"rendered":"https:\/\/groundcafe.life\/?page_id=45"},"modified":"2025-02-05T12:24:31","modified_gmt":"2025-02-05T12:24:31","slug":"about-us","status":"publish","type":"page","link":"https:\/\/groundcafe.life\/es\/about-us\/","title":{"rendered":"About us"},"content":{"rendered":"<div data-elementor-type=\"wp-page\" data-elementor-id=\"45\" class=\"elementor elementor-45\" data-elementor-post-type=\"page\">\n\t\t\t\t<div class=\"elementor-element elementor-element-501193b e-con-full e-flex e-con e-parent\" data-id=\"501193b\" data-element_type=\"container\" data-e-type=\"container\" data-settings=\"{&quot;background_background&quot;:&quot;classic&quot;}\">\n\t\t<div class=\"elementor-element elementor-element-4cb0502 e-con-full e-flex e-con e-child\" data-id=\"4cb0502\" data-element_type=\"container\" data-e-type=\"container\">\n\t\t<div class=\"elementor-element elementor-element-1699c1b e-con-full e-flex e-con e-child\" data-id=\"1699c1b\" data-element_type=\"container\" data-e-type=\"container\">\n\t\t\t\t<div class=\"elementor-element elementor-element-731e360 elementor-icon-list--layout-traditional elementor-list-item-link-full_width elementor-widget elementor-widget-icon-list\" data-id=\"731e360\" data-element_type=\"widget\" data-e-type=\"widget\" data-widget_type=\"icon-list.default\">\n\t\t\t\t<div class=\"elementor-widget-container\">\n\t\t\t\t\t\t\t<ul class=\"elementor-icon-list-items\">\n\t\t\t\t\t\t\t<li class=\"elementor-icon-list-item\">\n\t\t\t\t\t\t\t\t\t\t\t<a href=\"https:\/\/groundcafe.life\/es\">\n\n\t\t\t\t\t\t\t\t\t\t\t\t<span class=\"elementor-icon-list-icon\">\n\t\t\t\t\t\t\t<svg aria-hidden=\"true\" class=\"e-font-icon-svg e-fas-arrow-left\" viewbox=\"0 0 448 512\" xmlns=\"http:\/\/www.w3.org\/2000\/svg\"><path d=\"M257.5 445.1l-22.2 22.2c-9.4 9.4-24.6 9.4-33.9 0L7 273c-9.4-9.4-9.4-24.6 0-33.9L201.4 44.7c9.4-9.4 24.6-9.4 33.9 0l22.2 22.2c9.5 9.5 9.3 25-.4 34.3L136.6 216H424c13.3 0 24 10.7 24 24v32c0 13.3-10.7 24-24 24H136.6l120.5 114.8c9.8 9.3 10 24.8.4 34.3z\"><\/path><\/svg>\t\t\t\t\t\t<\/span>\n\t\t\t\t\t\t\t\t\t\t<span class=\"elementor-icon-list-text\">Atr\u00e1s<\/span>\n\t\t\t\t\t\t\t\t\t\t\t<\/a>\n\t\t\t\t\t\t\t\t\t<\/li>\n\t\t\t\t\t\t<\/ul>\n\t\t\t\t\t\t<\/div>\n\t\t\t\t<\/div>\n\t\t\t\t<\/div>\n\t\t<div class=\"elementor-element elementor-element-82195b4 e-con-full e-flex e-con e-child\" data-id=\"82195b4\" data-element_type=\"container\" data-e-type=\"container\">\n\t\t\t\t<div class=\"elementor-element elementor-element-11d017e elementor-widget elementor-widget-heading\" data-id=\"11d017e\" data-element_type=\"widget\" data-e-type=\"widget\" data-widget_type=\"heading.default\">\n\t\t\t\t<div class=\"elementor-widget-container\">\n\t\t\t\t\t<h1 class=\"elementor-heading-title elementor-size-default\">SOBRE NOSOTROS<\/h1>\t\t\t\t<\/div>\n\t\t\t\t<\/div>\n\t\t\t\t<\/div>\n\t\t\t\t<\/div>\n\t\t\t\t<\/div>\n\t\t<div class=\"elementor-element elementor-element-129c21b e-flex e-con-boxed e-con e-parent\" data-id=\"129c21b\" data-element_type=\"container\" data-e-type=\"container\" data-settings=\"{&quot;background_background&quot;:&quot;classic&quot;}\">\n\t\t\t\t\t<div class=\"e-con-inner\">\n\t\t<div class=\"elementor-element elementor-element-7530043 e-con-full e-flex e-con e-child\" data-id=\"7530043\" data-element_type=\"container\" data-e-type=\"container\">\n\t\t\t\t<div class=\"elementor-element elementor-element-7f9ed4c elementor-widget elementor-widget-text-editor\" data-id=\"7f9ed4c\" data-element_type=\"widget\" data-e-type=\"widget\" data-widget_type=\"text-editor.default\">\n\t\t\t\t<div class=\"elementor-widget-container\">\n\t\t\t\t\t\t\t\t\t<p>En <strong>Ground<\/strong>, cre\u00e9mos en el <strong>arte de crear experiencias<\/strong>, no solo caf\u00e9 y productos de panader\u00eda. Nuestro caf\u00e9 es un espacio donde cada sorbo de caf\u00e9 perfectamente preparado y cada bocado de pan reci\u00e9n horneado es un viaje, hecho con amor, cuidado y los mejores ingredientes.<\/p>\t\t\t\t\t\t\t\t<\/div>\n\t\t\t\t<\/div>\n\t\t\t\t<\/div>\n\t\t\t\t\t<\/div>\n\t\t\t\t<\/div>\n\t\t<div class=\"elementor-element elementor-element-d709a6a e-flex e-con-boxed e-con e-parent\" data-id=\"d709a6a\" data-element_type=\"container\" data-e-type=\"container\" data-settings=\"{&quot;background_background&quot;:&quot;classic&quot;}\">\n\t\t\t\t\t<div class=\"e-con-inner\">\n\t\t\t\t<div class=\"elementor-element elementor-element-aa51331 elementor-widget elementor-widget-heading\" data-id=\"aa51331\" data-element_type=\"widget\" data-e-type=\"widget\" data-widget_type=\"heading.default\">\n\t\t\t\t<div class=\"elementor-widget-container\">\n\t\t\t\t\t<h2 class=\"elementor-heading-title elementor-size-default\">NUESTRO EQUIPO<\/h2>\t\t\t\t<\/div>\n\t\t\t\t<\/div>\n\t\t\t\t<div class=\"elementor-element elementor-element-325adc9 elementor-widget__width-initial elementor-widget elementor-widget-text-editor\" data-id=\"325adc9\" data-element_type=\"widget\" data-e-type=\"widget\" data-widget_type=\"text-editor.default\">\n\t\t\t\t<div class=\"elementor-widget-container\">\n\t\t\t\t\t\t\t\t\t<p>El personal de <strong>Ground<\/strong> es m\u00e1s que solo un equipo\u2014somos una <strong>comunidad de individuos apasionados<\/strong> que comparten el amor por la comida excepcional, el caf\u00e9 de calidad y la alegr\u00eda de reunir a las personas.<\/p><p>Siempre que nos visites, estar\u00e1s en buenas manos.<\/p>\t\t\t\t\t\t\t\t<\/div>\n\t\t\t\t<\/div>\n\t\t\t\t<div class=\"elementor-element elementor-element-000d7d1 elementor-widget elementor-widget-image\" data-id=\"000d7d1\" data-element_type=\"widget\" data-e-type=\"widget\" data-widget_type=\"image.default\">\n\t\t\t\t<div class=\"elementor-widget-container\">\n\t\t\t\t\t\t\t\t\t\t\t\t\t\t\t<img fetchpriority=\"high\" decoding=\"async\" width=\"1707\" height=\"2560\" src=\"https:\/\/groundcafe.life\/wp-content\/uploads\/2025\/01\/XAVI7110-scaled.webp\" class=\"attachment-full size-full wp-image-226\" alt=\"\" srcset=\"https:\/\/groundcafe.life\/wp-content\/uploads\/2025\/01\/XAVI7110-scaled.webp 1707w, https:\/\/groundcafe.life\/wp-content\/uploads\/2025\/01\/XAVI7110-200x300.webp 200w, https:\/\/groundcafe.life\/wp-content\/uploads\/2025\/01\/XAVI7110-683x1024.webp 683w, https:\/\/groundcafe.life\/wp-content\/uploads\/2025\/01\/XAVI7110-768x1152.webp 768w, https:\/\/groundcafe.life\/wp-content\/uploads\/2025\/01\/XAVI7110-1024x1536.webp 1024w, https:\/\/groundcafe.life\/wp-content\/uploads\/2025\/01\/XAVI7110-1365x2048.webp 1365w\" sizes=\"(max-width: 1707px) 100vw, 1707px\" \/>\t\t\t\t\t\t\t\t\t\t\t\t\t\t\t<\/div>\n\t\t\t\t<\/div>\n\t\t\t\t<div class=\"elementor-element elementor-element-8143e76 elementor-widget elementor-widget-spacer\" data-id=\"8143e76\" data-element_type=\"widget\" data-e-type=\"widget\" data-widget_type=\"spacer.default\">\n\t\t\t\t<div class=\"elementor-widget-container\">\n\t\t\t\t\t\t\t<div class=\"elementor-spacer\">\n\t\t\t<div class=\"elementor-spacer-inner\"><\/div>\n\t\t<\/div>\n\t\t\t\t\t\t<\/div>\n\t\t\t\t<\/div>\n\t\t\t\t<div class=\"elementor-element elementor-element-13376d6 elementor-align-justify elementor-widget__width-initial elementor-widget-mobile__width-initial btn.outlined elementor-widget elementor-widget-button\" data-id=\"13376d6\" data-element_type=\"widget\" data-e-type=\"widget\" data-widget_type=\"button.default\">\n\t\t\t\t<div class=\"elementor-widget-container\">\n\t\t\t\t\t\t\t\t\t<div class=\"elementor-button-wrapper\">\n\t\t\t\t\t<a class=\"elementor-button elementor-button-link elementor-size-sm elementor-animation-bob\" href=\"https:\/\/groundcafe.life\/es\/reserve\/\">\n\t\t\t\t\t\t<span class=\"elementor-button-content-wrapper\">\n\t\t\t\t\t\t\t\t\t<span class=\"elementor-button-text\">RESERVA TU MESA<\/span>\n\t\t\t\t\t<\/span>\n\t\t\t\t\t<\/a>\n\t\t\t\t<\/div>\n\t\t\t\t\t\t\t\t<\/div>\n\t\t\t\t<\/div>\n\t\t\t\t\t<\/div>\n\t\t\t\t<\/div>\n\t\t<div class=\"elementor-element elementor-element-630f092 e-flex e-con-boxed e-con e-parent\" data-id=\"630f092\" data-element_type=\"container\" data-e-type=\"container\" data-settings=\"{&quot;background_background&quot;:&quot;classic&quot;}\">\n\t\t\t\t\t<div class=\"e-con-inner\">\n\t\t\t\t<div class=\"elementor-element elementor-element-8c6222b elementor-widget elementor-widget-heading\" data-id=\"8c6222b\" data-element_type=\"widget\" data-e-type=\"widget\" data-widget_type=\"heading.default\">\n\t\t\t\t<div class=\"elementor-widget-container\">\n\t\t\t\t\t<h2 class=\"elementor-heading-title elementor-size-default\">NUESTROS ESPACIOS<\/h2>\t\t\t\t<\/div>\n\t\t\t\t<\/div>\n\t\t\t\t<div class=\"elementor-element elementor-element-b95decb elementor-widget__width-initial elementor-invisible elementor-widget elementor-widget-text-editor\" data-id=\"b95decb\" data-element_type=\"widget\" data-e-type=\"widget\" data-settings=\"{&quot;_animation&quot;:&quot;fadeInDown&quot;}\" data-widget_type=\"text-editor.default\">\n\t\t\t\t<div class=\"elementor-widget-container\">\n\t\t\t\t\t\t\t\t\t<p class=\"translation-block\">Hemos creado un espacio que es tan inspirador como la comida y las bebidas que servimos. <strong>Nuestro caf\u00e9 est\u00e1 dise\u00f1ado para ser un refugio c\u00e1lido<\/strong> y acogedor para cada momento, ya sea que busques un rinc\u00f3n tranquilo para disfrutar de tu caf\u00e9 matutino, un lugar acogedor para reunirte con amigos o un ambiente animado para trabajar y relajarte.<\/p>\t\t\t\t\t\t\t\t<\/div>\n\t\t\t\t<\/div>\n\t\t\t\t\t<\/div>\n\t\t\t\t<\/div>\n\t\t<div class=\"elementor-element elementor-element-aaf7060 e-flex e-con-boxed e-con e-parent\" data-id=\"aaf7060\" data-element_type=\"container\" data-e-type=\"container\" data-settings=\"{&quot;background_background&quot;:&quot;classic&quot;}\">\n\t\t\t\t\t<div class=\"e-con-inner\">\n\t\t\t\t\t<\/div>\n\t\t\t\t<\/div>\n\t\t<div class=\"elementor-element elementor-element-0879832 e-flex e-con-boxed e-con e-parent\" data-id=\"0879832\" data-element_type=\"container\" data-e-type=\"container\" data-settings=\"{&quot;background_background&quot;:&quot;classic&quot;}\">\n\t\t\t\t\t<div class=\"e-con-inner\">\n\t\t\t\t<div class=\"elementor-element elementor-element-b2bd704 elementor-widget elementor-widget-heading\" data-id=\"b2bd704\" data-element_type=\"widget\" data-e-type=\"widget\" data-widget_type=\"heading.default\">\n\t\t\t\t<div class=\"elementor-widget-container\">\n\t\t\t\t\t<h2 class=\"elementor-heading-title elementor-size-default\">EL INTERIOR<\/h2>\t\t\t\t<\/div>\n\t\t\t\t<\/div>\n\t\t\t\t<div class=\"elementor-element elementor-element-6de160c elementor-widget__width-inherit elementor-invisible elementor-widget elementor-widget-text-editor\" data-id=\"6de160c\" data-element_type=\"widget\" data-e-type=\"widget\" data-settings=\"{&quot;_animation&quot;:&quot;fadeInDown&quot;}\" data-widget_type=\"text-editor.default\">\n\t\t\t\t<div class=\"elementor-widget-container\">\n\t\t\t\t\t\t\t\t\t<p class=\"translation-block\">El interior de <strong>Ground<\/strong> es un verdadero reflejo de nuestra filosof\u00eda: artesanal, aut\u00e9ntico y dise\u00f1ado con esmero. La luz suave y ambiental proyecta un resplandor c\u00e1lido sobre el espacio, creando un ambiente relajado perfecto para cualquier ocasi\u00f3n.<\/p>\t\t\t\t\t\t\t\t<\/div>\n\t\t\t\t<\/div>\n\t\t\t\t<div class=\"elementor-element elementor-element-980ba02 elementor-widget elementor-widget-image\" data-id=\"980ba02\" data-element_type=\"widget\" data-e-type=\"widget\" data-widget_type=\"image.default\">\n\t\t\t\t<div class=\"elementor-widget-container\">\n\t\t\t\t\t\t\t\t\t\t\t\t\t\t\t<img decoding=\"async\" width=\"1200\" height=\"790\" src=\"https:\/\/groundcafe.life\/wp-content\/uploads\/2025\/01\/breathe_lowres-48.webp\" class=\"attachment-full size-full wp-image-228\" alt=\"\" srcset=\"https:\/\/groundcafe.life\/wp-content\/uploads\/2025\/01\/breathe_lowres-48.webp 1200w, https:\/\/groundcafe.life\/wp-content\/uploads\/2025\/01\/breathe_lowres-48-300x198.webp 300w, https:\/\/groundcafe.life\/wp-content\/uploads\/2025\/01\/breathe_lowres-48-1024x674.webp 1024w, https:\/\/groundcafe.life\/wp-content\/uploads\/2025\/01\/breathe_lowres-48-768x506.webp 768w\" sizes=\"(max-width: 1200px) 100vw, 1200px\" \/>\t\t\t\t\t\t\t\t\t\t\t\t\t\t\t<\/div>\n\t\t\t\t<\/div>\n\t\t\t\t\t<\/div>\n\t\t\t\t<\/div>\n\t\t<div class=\"elementor-element elementor-element-5ba6e3d e-flex e-con-boxed e-con e-parent\" data-id=\"5ba6e3d\" data-element_type=\"container\" data-e-type=\"container\" data-settings=\"{&quot;background_background&quot;:&quot;classic&quot;}\">\n\t\t\t\t\t<div class=\"e-con-inner\">\n\t\t\t\t<div class=\"elementor-element elementor-element-d3dd6e2 elementor-widget elementor-widget-heading\" data-id=\"d3dd6e2\" data-element_type=\"widget\" data-e-type=\"widget\" data-widget_type=\"heading.default\">\n\t\t\t\t<div class=\"elementor-widget-container\">\n\t\t\t\t\t<h2 class=\"elementor-heading-title elementor-size-default\">AL AIRE LIBRE<\/h2>\t\t\t\t<\/div>\n\t\t\t\t<\/div>\n\t\t\t\t<div class=\"elementor-element elementor-element-0fa97c3 elementor-invisible elementor-widget elementor-widget-text-editor\" data-id=\"0fa97c3\" data-element_type=\"widget\" data-e-type=\"widget\" data-settings=\"{&quot;_animation&quot;:&quot;fadeInDown&quot;}\" data-widget_type=\"text-editor.default\">\n\t\t\t\t<div class=\"elementor-widget-container\">\n\t\t\t\t\t\t\t\t\t<p class=\"translation-block\">Nuestro espacio al aire libre est\u00e1 dise\u00f1ado con <strong>la comodidad en mente<\/strong>, con \u00e1reas de asientos sombreadas rodeadas de vegetaci\u00f3n, ofreciendo el refugio perfecto para relajarte, disfrutar de tu caf\u00e9 y contemplar el entorno.<\/p>\t\t\t\t\t\t\t\t<\/div>\n\t\t\t\t<\/div>\n\t\t\t\t<div class=\"elementor-element elementor-element-44926c9 elementor-widget elementor-widget-image\" data-id=\"44926c9\" data-element_type=\"widget\" data-e-type=\"widget\" data-widget_type=\"image.default\">\n\t\t\t\t<div class=\"elementor-widget-container\">\n\t\t\t\t\t\t\t\t\t\t\t\t\t\t\t<img decoding=\"async\" width=\"1200\" height=\"800\" src=\"https:\/\/groundcafe.life\/wp-content\/uploads\/2025\/01\/breathe_lowres-32.webp\" class=\"attachment-full size-full wp-image-227\" alt=\"\" srcset=\"https:\/\/groundcafe.life\/wp-content\/uploads\/2025\/01\/breathe_lowres-32.webp 1200w, https:\/\/groundcafe.life\/wp-content\/uploads\/2025\/01\/breathe_lowres-32-300x200.webp 300w, https:\/\/groundcafe.life\/wp-content\/uploads\/2025\/01\/breathe_lowres-32-1024x683.webp 1024w, https:\/\/groundcafe.life\/wp-content\/uploads\/2025\/01\/breathe_lowres-32-768x512.webp 768w\" sizes=\"(max-width: 1200px) 100vw, 1200px\" \/>\t\t\t\t\t\t\t\t\t\t\t\t\t\t\t<\/div>\n\t\t\t\t<\/div>\n\t\t\t\t<div class=\"elementor-element elementor-element-9503f86 elementor-widget elementor-widget-spacer\" data-id=\"9503f86\" data-element_type=\"widget\" data-e-type=\"widget\" data-widget_type=\"spacer.default\">\n\t\t\t\t<div class=\"elementor-widget-container\">\n\t\t\t\t\t\t\t<div class=\"elementor-spacer\">\n\t\t\t<div class=\"elementor-spacer-inner\"><\/div>\n\t\t<\/div>\n\t\t\t\t\t\t<\/div>\n\t\t\t\t<\/div>\n\t\t\t\t<div class=\"elementor-element elementor-element-bcf0d0d elementor-align-justify elementor-widget__width-initial elementor-widget-mobile__width-initial btn.outlined elementor-widget elementor-widget-button\" data-id=\"bcf0d0d\" data-element_type=\"widget\" data-e-type=\"widget\" data-widget_type=\"button.default\">\n\t\t\t\t<div class=\"elementor-widget-container\">\n\t\t\t\t\t\t\t\t\t<div class=\"elementor-button-wrapper\">\n\t\t\t\t\t<a class=\"elementor-button elementor-button-link elementor-size-sm elementor-animation-bob\" href=\"https:\/\/groundcafe.life\/es\/reserve\/\">\n\t\t\t\t\t\t<span class=\"elementor-button-content-wrapper\">\n\t\t\t\t\t\t\t\t\t<span class=\"elementor-button-text\">RESERVA TU MESA<\/span>\n\t\t\t\t\t<\/span>\n\t\t\t\t\t<\/a>\n\t\t\t\t<\/div>\n\t\t\t\t\t\t\t\t<\/div>\n\t\t\t\t<\/div>\n\t\t\t\t\t<\/div>\n\t\t\t\t<\/div>\n\t\t\t\t<\/div>","protected":false},"excerpt":{"rendered":"<p>Back ABOUT US At Ground, we believe in the art of crafting experiences, not just coffee and baked goods. Our caf\u00e9 is a space where every sip of expertly brewed coffee and every bite of freshly baked bread is a journey\u2014made with love, care, and the finest ingredients. OUR STAFF The Ground staff are more [&hellip;]<\/p>\n","protected":false},"author":1,"featured_media":0,"parent":0,"menu_order":0,"comment_status":"closed","ping_status":"closed","template":"elementor_header_footer","meta":{"_acf_changed":false,"footnotes":""},"class_list":["post-45","page","type-page","status-publish","hentry"],"acf":[],"_links":{"self":[{"href":"https:\/\/groundcafe.life\/es\/wp-json\/wp\/v2\/pages\/45","targetHints":{"allow":["GET"]}}],"collection":[{"href":"https:\/\/groundcafe.life\/es\/wp-json\/wp\/v2\/pages"}],"about":[{"href":"https:\/\/groundcafe.life\/es\/wp-json\/wp\/v2\/types\/page"}],"author":[{"embeddable":true,"href":"https:\/\/groundcafe.life\/es\/wp-json\/wp\/v2\/users\/1"}],"replies":[{"embeddable":true,"href":"https:\/\/groundcafe.life\/es\/wp-json\/wp\/v2\/comments?post=45"}],"version-history":[{"count":28,"href":"https:\/\/groundcafe.life\/es\/wp-json\/wp\/v2\/pages\/45\/revisions"}],"predecessor-version":[{"id":387,"href":"https:\/\/groundcafe.life\/es\/wp-json\/wp\/v2\/pages\/45\/revisions\/387"}],"wp:attachment":[{"href":"https:\/\/groundcafe.life\/es\/wp-json\/wp\/v2\/media?parent=45"}],"curies":[{"name":"wp","href":"https:\/\/api.w.org\/{rel}","templated":true}]}}